{"id":3,"date":"2020-08-30T15:04:24","date_gmt":"2020-08-30T12:04:24","guid":{"rendered":"https:\/\/karagumruk.com.tr\/?page_id=3"},"modified":"2020-10-01T11:37:06","modified_gmt":"2020-10-01T08:37:06","slug":"gizlilik-politikasi","status":"publish","type":"page","link":"https:\/\/karagumruk.com.tr\/?page_id=3","title":{"rendered":"Gizlilik Politikas\u0131"},"content":{"rendered":"\n<p>Karag\u00fcmr\u00fck Haber Ki\u015fisel Verilerin Korunmas\u0131 Kanunu (KVKK) uyar\u0131nca gizlili\u011finizi korur ve ki\u015fisel verilerinizi i\u015fler. Bu gizlilik bildirimi, sizinle ilgili bilgileri nas\u0131l toplad\u0131\u011f\u0131m\u0131z\u0131, nas\u0131l kullan\u0131ld\u0131\u011f\u0131n\u0131 ve g\u00fcvende tutuldu\u011funu, web sitemizi kullan\u0131rken gizlilik tercihlerinizi ve KVKK kapsam\u0131ndaki bilgilere eri\u015fim hakk\u0131n\u0131z\u0131 a\u00e7\u0131klar.<\/p>\n\n\n\n<p><strong>Hangi bilgileri topluyoruz?<\/strong><br><br>Karag\u00fcmr\u00fck Haber A\u00e7\u0131k Veri Portal\u0131&#8217;nda bir hesaba kaydoldu\u011funuzda, sizden e-posta adresinizi, kullan\u0131c\u0131 ad\u0131n\u0131z\u0131 ve \u015fifrenizi girmenizi isteyece\u011fiz. Ayr\u0131ca size ayl\u0131k Karag\u00fcmr\u00fck Haber A\u00e7\u0131k Veri Portal\u0131 b\u00fcltenimize kaydolma f\u0131rsat\u0131 da verilecek.<br><br><strong>Ne i\u00e7in kullan\u0131yoruz?<\/strong><br><br>Verdi\u011finiz bilgiler, Karag\u00fcmr\u00fck Haber A\u00e7\u0131k Veri Portal\u0131 hesab\u0131n\u0131z\u0131 olu\u015fturmak ve y\u00f6netmek ve Karag\u00fcmr\u00fck Haber A\u00e7\u0131k Veri Portal\u0131 hesab\u0131n\u0131za eri\u015fmek i\u00e7in oturum a\u00e7ma kimlik bilgilerinizi sa\u011flamak i\u00e7in kullan\u0131lacakt\u0131r.<br><br>Bunu yapmam\u0131z i\u00e7in onay\u0131n\u0131z\u0131 verdi\u011finizde, e-posta adresiniz size ayl\u0131k Karag\u00fcmr\u00fck Haber A\u00e7\u0131k Veri Portal\u0131 b\u00fcltenimizi g\u00f6ndermek i\u00e7in kullan\u0131lacakt\u0131r, ancak yaln\u0131zca kaydoldu\u011funuz e-posta adresinize g\u00f6nderilecektir.<br><br><strong>Bilgilerinize kim eri\u015febilir?<\/strong><br>\u2022 Kullan\u0131c\u0131 ad\u0131n\u0131z, Karag\u00fcmr\u00fck Haber A\u00e7\u0131k Veri Portal\u0131 Veri \u0130stekleri Panelinde, veri iste\u011fi yap\u0131ld\u0131\u011f\u0131nda, yorumlar yaz\u0131ld\u0131\u011f\u0131nda herkes taraf\u0131ndan g\u00f6r\u00fclebilir. Veri g\u00fcvenli\u011finiz i\u00e7in kullan\u0131c\u0131 ad\u0131n\u0131z\u0131 ki\u015fisel verileriniz ile e\u015fle\u015ftirilemeyen ve anonim olma vasf\u0131n\u0131z\u0131 etkilemeyecek bir bi\u00e7imde belirlemeniz gerekmektedir. Kullan\u0131c\u0131 ad\u0131 tercihi ile ilgili olarak t\u00fcm sorumluluk taraf\u0131n\u0131za aittir.<br>\u2022 E-posta adresinize yaln\u0131zca KARAG\u00dcMR\u00dcK HABER uygulama geli\u015ftiricileri ve \u00fc\u00e7\u00fcnc\u00fc taraf web geli\u015ftiricilerimiz taraf\u0131ndan eri\u015filebilir.<br>\u2022 \u015eifreniz hi\u00e7 kimse taraf\u0131ndan g\u00f6r\u00fclemez.<br><br><strong>Bilgileriniz nerede tutuluyor?<\/strong><br><br>KARAG\u00dcMR\u00dcK HABER A\u00e7\u0131k Veri Portal\u0131 ve onun arac\u0131l\u0131\u011f\u0131yla toplanan t\u00fcm bilgiler, Mu\u011fla\/T\u00fcrkiye\u2019de bulunan ve yaln\u0131zca yukar\u0131da belirtilen uygun taraflar\u0131n eri\u015febildi\u011fi sunucularda bar\u0131nd\u0131r\u0131lmaktad\u0131r.<\/p>\n\n\n\n<p><strong>Bilgilerinizi g\u00fcncelleme<\/strong><br><br>Hesap ayarlar\u0131n\u0131z\u0131 de\u011fi\u015ftirmek isterseniz, sitenin Profilimi D\u00fczenle sayfas\u0131n\u0131 kullanarak bunu yapabilirsiniz. Bu sayfadan \u015fifrenizi ve e-posta adresinizi de\u011fi\u015ftirebilirsiniz.<\/p>\n\n\n\n<p><strong>Kullan\u0131m Ko\u015fullar\u0131<\/strong><\/p>\n\n\n\n<p>Karagumruk.com.tr (KARAG\u00dcMR\u00dcK HABER) A\u00e7\u0131k Veri Portal\u0131&nbsp;<strong>https:\/\/karagumruk.com.tr<\/strong>&nbsp;internet adresinde payla\u015f\u0131lan verileri kullan\u0131m\u0131n\u0131z, a\u015fa\u011f\u0131daki h\u00fck\u00fcm ve ko\u015fullar\u0131, Ki\u015fisel Verilerin Korunmas\u0131 Kanunu (KVKK) h\u00fck\u00fcmlerini kabul, beyan ve taahh\u00fct etti\u011finizi g\u00f6sterir. Verileri kullan\u0131rken a\u015fa\u011f\u0131daki \u015fartlar ve ko\u015fullara uymazsan\u0131z, verileri kullanma hakk\u0131n\u0131z otomatik olarak sona erecektir.<br><br><strong>I. Giri\u015f<\/strong><br>KARAG\u00dcMR\u00dcK HABER, potansiyel kullan\u0131c\u0131lara kolayl\u0131k sa\u011flamas\u0131 a\u00e7\u0131s\u0131ndan, bu internet sitesi \u00fczerinden indirilebilecek \u00e7e\u015fitli veri k\u00fcmeleri (\u201cVeri\u201d) sunmaktad\u0131r. Verileri kullan\u0131m\u0131n\u0131z, sizinle KARAG\u00dcMR\u00dcK HABER aras\u0131nda yasal bir anla\u015fma te\u015fkil eden bu kullan\u0131m ko\u015fullar\u0131na tabidir. Bu yasal s\u00f6zle\u015fmeye \u201cKullan\u0131m Ko\u015fullar\u0131\u201d denir.<br><br>A\u015fa\u011f\u0131daki Kullan\u0131m Ko\u015fullar\u0131, KARAG\u00dcMR\u00dcK HABER A\u00e7\u0131k Veri Portal\u0131 ve bu web portal\u0131 \u00fczerinden verileri alan ziyaret\u00e7iler ve uygulama geli\u015ftiricileri i\u00e7in ge\u00e7erlidir. Kullan\u0131c\u0131, KARAG\u00dcMR\u00dcK HABER A\u00e7\u0131k Veri Portal\u0131 (veya &#8220;Web Sitesi&#8221;) arac\u0131l\u0131\u011f\u0131yla kullan\u0131labilen veri k\u00fcmelerine ve yay\u0131nlara eri\u015ferek, t\u00fcm Kullan\u0131m Ko\u015fullar\u0131n\u0131 ve Gizlilik Politikas\u0131n\u0131 kabul etmi\u015f say\u0131l\u0131r. Kullan\u0131c\u0131, ayr\u0131ca Web Sitesi \u00fczerinden veri veya ak\u0131\u015f sa\u011flayan kurulu\u015flar taraf\u0131ndan tan\u0131mlanan ek kullan\u0131m ko\u015fullar\u0131n\u0131 da kabul etmi\u015f say\u0131l\u0131r.<br><br><strong>II. Kullan\u0131m Ko\u015fullar\u0131n\u0131 Kabul Etme<\/strong><br><strong>A. Kabul Y\u00f6ntemleri.<\/strong>&nbsp;Verilerden herhangi birini kullanmak i\u00e7in bu Kullan\u0131m Ko\u015fullar\u0131n\u0131 kabul etmi\u015f say\u0131l\u0131rs\u0131n\u0131z. Kullan\u0131m Ko\u015fullar\u0131n\u0131 a\u015fa\u011f\u0131daki se\u00e7eneklerden biriyle kabul etmi\u015f olursunuz:<br>(1) Kullan\u0131m Ko\u015fullar\u0131n\u0131 kabul etmek i\u00e7in t\u0131klayarak veya<br>(2) Verileri veya T\u00fcretilmi\u015f \u00c7al\u0131\u015fmalar\u0131n herhangi birini indirerek veya kullanarak. Bu durumda, verileri indirme ve kullan\u0131m veya T\u00fcretilmi\u015f \u00c7al\u0131\u015fmay\u0131 Kullan\u0131m Ko\u015fullar\u0131n\u0131 kabul etti\u011finiz anlam\u0131na gelecektir.<br><br><strong>B. Kabul Etme Yetkisi.<\/strong>&nbsp;Bu Kullan\u0131m Ko\u015fullar\u0131n\u0131 kabul etmek i\u00e7in tam kapasiteye ve yetkiye sahip oldu\u011funuzu beyan etmi\u015f say\u0131l\u0131rs\u0131n\u0131z. \u0130\u015f vereniniz veya ba\u015fka bir t\u00fczel ki\u015fi ad\u0131na kabul ediyorsan\u0131z, i\u015f vereninizi veya ba\u015fka bir t\u00fczel ki\u015fiyi Kullan\u0131m Ko\u015fullar\u0131na uymalar\u0131n\u0131 sa\u011flamak i\u00e7in tam yetkiye sahip oldu\u011funuzu beyan etmi\u015f say\u0131l\u0131rs\u0131n\u0131z. Bu madde kapsam\u0131nda beyan edilen bilgilerin do\u011frulu\u011fundan kaynaklanan sorumluluk taraf\u0131n\u0131za aittir.<br><br><strong>III. Tan\u0131mlar<\/strong><br>\u201cVeri\u201d, https:\/\/karagumruk.com.tr adresinden indirilebilecek herhangi bir veri anlam\u0131na gelir ve bu verilerle ilgili g\u00fcncellemeleri i\u00e7erir.<br>\u201cT\u00fcretilmi\u015f \u00c7al\u0131\u015fma\u201d herhangi bir \u015fekilde veya herhangi bir miktarda, verinin herhangi bir \u015fekilde de\u011fi\u015ftirilmi\u015f bir formda kullan\u0131ld\u0131\u011f\u0131 bir \u00e7al\u0131\u015fma da dahil olmak \u00fczere Veriye dayal\u0131 herhangi bir \u00e7al\u0131\u015fma anlam\u0131na gelir.<br>\u201cSiz\u201d veya \u201cSizin\u201d, Verileri kullanmay\u0131 ama\u00e7layan herhangi bir ki\u015fi veya kurumu ifade eder.<br><br><strong>IV. KARAG\u00dcMR\u00dcK HABER\u2019nin Fikri M\u00fclkiyet Haklar\u0131n\u0131n Etkilenmemesi<\/strong><br>Bu Kullan\u0131m Ko\u015fullar\u0131, size KARAG\u00dcMR\u00dcK HABER veya ba\u015fkalar\u0131n\u0131n Verilerde sahip olabilece\u011fi herhangi bir patent, telif hakk\u0131 veya di\u011fer fikri m\u00fclkiyet haklar\u0131na ili\u015fkin herhangi bir hak vermez.<br><br><strong>V. Garantilerin Hari\u00e7 Tutulmas\u0131<\/strong><br>A. Veriler, KARAG\u00dcMR\u00dcK HABER ve \u00fc\u00e7\u00fcnc\u00fc taraflar taraf\u0131ndan derlenen ve i\u015flenen bilgileri ve verileri i\u00e7erir. KARAG\u00dcMR\u00dcK HABER, Verilerinde yer alan bilgilerin do\u011fru, ger\u00e7ek veya do\u011fru oldu\u011funa dair hi\u00e7bir garanti vermez. Verileri kullan\u0131rken, burada yer alan bilgilerin hataya tabi oldu\u011funu ve do\u011frulama veya inceleme yap\u0131lmadan g\u00fcvenilemeyece\u011fini anlam\u0131\u015f ve kabul etmi\u015f say\u0131l\u0131rs\u0131n\u0131z.<br><br>B. Verileri kullan\u0131m\u0131n\u0131z\u0131n tamamen sizin sorumlulu\u011funuzda oldu\u011funu anlam\u0131\u015f ve kabul etmi\u015f say\u0131l\u0131rs\u0131n\u0131z. Veriler, sat\u0131labilirlik, belirli bir amaca uygunluk ve ihlal olmamas\u0131 gibi z\u0131mni garantiler de dahil olmak \u00fczere, a\u00e7\u0131k veya z\u0131mni herhangi bir garanti olmaks\u0131z\u0131n, &#8220;oldu\u011fu gibi&#8221; ve &#8220;mevcut oldu\u011fu gibi&#8221; temelinde sunulur. Verilerde bir hata, yanl\u0131\u015fl\u0131k veya ba\u015fka bir kusur varsa, bu t\u00fcr bir hatay\u0131, yanl\u0131\u015fl\u0131\u011f\u0131 veya kusuru d\u00fczeltmenin t\u00fcm maliyetini \u00fcstlenirsiniz.<br><br>C. KARAG\u00dcMR\u00dcK HABER\u2019den veya Veriler arac\u0131l\u0131\u011f\u0131yla veya Verilerden elde etti\u011finiz s\u00f6zl\u00fc veya yaz\u0131l\u0131 hi\u00e7bir \u00f6neri veya bilgi, bu Kullan\u0131m Ko\u015fullar\u0131nda a\u00e7\u0131k\u00e7a belirtilmeyen herhangi bir garanti olu\u015fturmaz.<br><br><strong>VI. Sorumluluk ve Tazminat S\u0131n\u0131rlamas\u0131<\/strong><br><br>A. Hi\u00e7bir durumda, KARAG\u00dcMR\u00dcK HABER, do\u011frudan, dolayl\u0131, ar\u0131zi, sonu\u00e7sal veya \u00f6zel zararlardan (s\u0131n\u0131rlama olmaks\u0131z\u0131n, kullan\u0131m kayb\u0131, zaman veya veri kayb\u0131, hizmetin aksamas\u0131, ticari kay\u0131p, k\u00e2r veya tasarruf kayb\u0131 veya bilgisayar yaz\u0131l\u0131m veya donan\u0131m maliyeti dahil) hi\u00e7bir \u015fekilde sorumlu tutulamaz. Hi\u00e7bir durumda KARAG\u00dcMR\u00dcK HABER, hatal\u0131 verilerin veya Verilerin i\u00e7erdi\u011fi bilgilerin yol a\u00e7t\u0131\u011f\u0131 kay\u0131p veya zararlardan \u00fc\u00e7\u00fcnc\u00fc taraflar\u0131n talepleri de dahil olmak \u00fczere herhangi bir talepten sorumlu tutulamaz.<br><br>B. T\u00dcRK\u0130YE CUMHUR\u0130YET\u0130 YASALARININ \u0130Z\u0130N VERD\u0130\u011e\u0130 EN GEN\u0130\u015e \u00d6L\u00c7\u00dcDE, VER\u0130Y\u0130 VEYA T\u00dcRET\u0130LM\u0130\u015e \u00c7ALI\u015eMAYI KULLANIMINIZDAN KAYNAKLANAN DO\u011eRUDAN VEYA DOLAYLI ZARAR, KAYIP, HASAR VB. YA\u015eANAB\u0130LECEK HERHANG\u0130 OLUMSUZ B\u0130R DURUMDAN, H\u0130\u00c7B\u0130R \u015eEK\u0130LDE KARAG\u00dcMR\u00dcK HABER\u2019N\u0130N SORUMLU TUTULMAYACA\u011eINI KABUL ETM\u0130\u015e SAYILIRSINIZ.<br><br>C. KULLANICI \u0130\u015e BU PLATFORMUN SUNDU\u011eU H\u0130ZMETLERDEN DOLAYI HAF\u0130F KUSUR NET\u0130CES\u0130NDE OLU\u015eMU\u015e BULUNAN ZARARLARDAN VE \u0130STANBUL B\u00dcY\u00dcK\u015eEH\u0130R BELED\u0130YES\u0130 ADINA FAAL\u0130YET G\u00d6STEREN YARDIMCI K\u0130\u015e\u0130LER\u0130N T\u00dcM ZARARLARINDAN \u0130STANBUL B\u00dcY\u00dcK\u015eEH\u0130R BELED\u0130YES\u0130\u2019N\u0130N SORUMLU OLMADI\u011eINI KABUL, BEYAN VE TAAHH\u00dcT EDER.<br><br><strong>VII. Di\u011fer Ko\u015fullar\u0131n Kabul\u00fc<\/strong><br>Baz\u0131 Verilerde, bu Verileri i\u00e7eren dosyada veya bu Verilere eri\u015filen sayfada belirtilen ek h\u00fck\u00fcm ve ko\u015fullar olabilir. Bu t\u00fcr ek h\u00fck\u00fcm ve ko\u015fullara uymak zorunda oldu\u011funuzu anlam\u0131\u015f ve kabul etmi\u015f say\u0131l\u0131rs\u0131n\u0131z.<br><br>KARAG\u00dcMR\u00dcK HABER birimleri, ba\u011fl\u0131 kurulu\u015flar\u0131 ve i\u015ftirak \u015firketleri, KARAG\u00dcMR\u00dcK HABER A\u00e7\u0131k Veri Portal\u0131&#8217;nda bulunan verilerin yetkili kaynaklar\u0131d\u0131r. Bu birimler, veri kalitesinden sorumludur ve Web Sitesinden eri\u015filen veri k\u00fcmelerinin ve ak\u0131\u015flar\u0131n s\u00fcr\u00fcm kontrol\u00fcn\u00fc yapmaktan sorumludur.<br><br>Veriler her zaman g\u00fcncellenebilir, d\u00fczeltilebilir, \u00fczerine yaz\u0131labilir ve \/ veya yenilenebilir. Beklenen g\u00fcncelleme s\u0131kl\u0131\u011f\u0131, Web Sitesinde yay\u0131nlanan verilerde belirtilebilecektir. Veri k\u00fcmelerinin eski s\u00fcr\u00fcmleri saklanmayacakt\u0131r.<br><br><strong>VIII. Genel H\u00fck\u00fcmler<\/strong><br><br>A. Bu Kullan\u0131m Ko\u015fullar\u0131, yasalar ihtilaf\u0131 h\u00fck\u00fcmlerine bak\u0131lmaks\u0131z\u0131n, T\u00fcrkiye Cumhuriyeti yasalar\u0131na tabidir ve yasalara g\u00f6re yorumlanacakt\u0131r. Bu Kullan\u0131m Ko\u015fullar\u0131ndan kaynaklanan herhangi bir anla\u015fmazl\u0131k, T\u00fcrkiye Cumhuriyeti mahkemeleri yetkilidir.<br><br>B. Bu Kullan\u0131m Ko\u015fullar\u0131nda herhangi bir de\u011fi\u015fiklik veya herhangi bir haktan feragat etmek, Siz ve KARAG\u00dcMR\u00dcK HABER taraf\u0131ndan imzalanm\u0131\u015f yaz\u0131l\u0131 bir ara\u00e7 haricinde ge\u00e7erli olmayacakt\u0131r.<br><br>C. Bu Kullan\u0131m Ko\u015fullar\u0131, bu konu ile ilgili olarak Siz ve KARAG\u00dcMR\u00dcK HABER aras\u0131ndaki t\u00fcm anla\u015fmay\u0131 ve anlamay\u0131 i\u00e7erir ve \u00f6nceki t\u00fcm anla\u015fmalar\u0131n, anlamalar\u0131n ve beyanlar\u0131n yerine ge\u00e7er ve bunlar\u0131n yerini al\u0131r. Hi\u00e7bir durumda, KARAG\u00dcMR\u00dcK HABER taraf\u0131ndan yaz\u0131l\u0131 olarak a\u00e7\u0131k\u00e7a kabul edilmedik\u00e7e hi\u00e7bir ek \u015fart veya ko\u015ful ge\u00e7erli olmayacakt\u0131r.<br><br>D. Bu Kullan\u0131m Ko\u015fullar\u0131n\u0131n herhangi bir h\u00fckm\u00fcn\u00fcn yetkili bir mahkeme taraf\u0131ndan ge\u00e7ersiz say\u0131lmas\u0131 durumunda, geri kalan h\u00fck\u00fcmler yine de tam olarak y\u00fcr\u00fcrl\u00fckte kalacakt\u0131r.<br><br>E. KARAG\u00dcMR\u00dcK HABER, bu Kullan\u0131m Ko\u015fullar\u0131n\u0131, yap\u0131lan de\u011fi\u015fiklikler hakk\u0131nda bu sayfada bildirimde bulunarak de\u011fi\u015ftirebilir. Herhangi bir de\u011fi\u015fiklik, aksi belirtilmedik\u00e7e, yay\u0131nland\u0131ktan sonra ge\u00e7erlidir.<br><br>F. KARAG\u00dcMR\u00dcK HABER, bu Kullan\u0131m Ko\u015fullar\u0131nda yer alan herhangi bir yasal hakk\u0131 veya hukuk yolunu kullanmazsa veya uygulamazsa (veya KARAG\u00dcMR\u00dcK HABER&#8217;nin herhangi bir ge\u00e7erli yasa kapsam\u0131nda fayda sa\u011flad\u0131\u011f\u0131), bunun KARAG\u00dcMR\u00dcK HABER&#8217;nin resmi feragat etmesi anlam\u0131na gelmeyece\u011fini ve bu haklar\u0131n ya da telafilerin yine de KARAG\u00dcMR\u00dcK HABER&#8217;nin kullan\u0131m\u0131na a\u00e7\u0131k olaca\u011f\u0131n\u0131 kabul etmi\u015f say\u0131l\u0131rs\u0131n\u0131z. Bu haklar ya da telafiler yine de \u015eehir taraf\u0131ndan kullan\u0131labilecektir. Bu Kullan\u0131m Ko\u015fullar\u0131n\u0131n herhangi bir h\u00fckm\u00fcnden feragat edilmesi, yaln\u0131zca KARAG\u00dcMR\u00dcK HABER, imzal\u0131 bir yaz\u0131da, belirtilen bir h\u00fck\u00fcmden a\u00e7\u0131k\u00e7a feragat etti\u011fini belirtirse ge\u00e7erli olacakt\u0131r.<\/p>\n","protected":false},"excerpt":{"rendered":"<p>Karag\u00fcmr\u00fck Haber Ki\u015fisel Verilerin Korunmas\u0131 Kanunu (KVKK) uyar\u0131nca gizlili\u011finizi korur ve ki\u015fisel verilerinizi i\u015fler. Bu gizlilik bildirimi, sizinle ilgili bilgileri nas\u0131l toplad\u0131\u011f\u0131m\u0131z\u0131, nas\u0131l kullan\u0131ld\u0131\u011f\u0131n\u0131 ve g\u00fcvende tutuldu\u011funu, web sitemizi kullan\u0131rken gizlilik tercihlerinizi ve KVKK kapsam\u0131ndaki bilgilere eri\u015fim hakk\u0131n\u0131z\u0131 a\u00e7\u0131klar. Hangi bilgileri topluyoruz?Karag\u00fcmr\u00fck Haber A\u00e7\u0131k Veri Portal\u0131&#8217;nda bir hesaba kaydoldu\u011funuzda, sizden e-posta adresinizi, kullan\u0131c\u0131 ad\u0131n\u0131z\u0131 ve &hellip;<\/p>\n","protected":false},"author":1,"featured_media":0,"parent":0,"menu_order":0,"comment_status":"closed","ping_status":"closed","template":"","meta":[],"_links":{"self":[{"href":"https:\/\/karagumruk.com.tr\/index.php?rest_route=\/wp\/v2\/pages\/3"}],"collection":[{"href":"https:\/\/karagumruk.com.tr\/index.php?rest_route=\/wp\/v2\/pages"}],"about":[{"href":"https:\/\/karagumruk.com.tr\/index.php?rest_route=\/wp\/v2\/types\/page"}],"author":[{"embeddable":true,"href":"https:\/\/karagumruk.com.tr\/index.php?rest_route=\/wp\/v2\/users\/1"}],"replies":[{"embeddable":true,"href":"https:\/\/karagumruk.com.tr\/index.php?rest_route=%2Fwp%2Fv2%2Fcomments&post=3"}],"version-history":[{"count":1,"href":"https:\/\/karagumruk.com.tr\/index.php?rest_route=\/wp\/v2\/pages\/3\/revisions"}],"predecessor-version":[{"id":1807,"href":"https:\/\/karagumruk.com.tr\/index.php?rest_route=\/wp\/v2\/pages\/3\/revisions\/1807"}],"wp:attachment":[{"href":"https:\/\/karagumruk.com.tr\/index.php?rest_route=%2Fwp%2Fv2%2Fmedia&parent=3"}],"curies":[{"name":"wp","href":"https:\/\/api.w.org\/{rel}","templated":true}]}}